{"id":1955,"date":"2016-06-24T11:38:25","date_gmt":"2016-06-24T11:38:25","guid":{"rendered":"http:\/\/www.bosscom.lu\/en\/?page_id=1955"},"modified":"2016-06-24T11:38:25","modified_gmt":"2016-06-24T11:38:25","slug":"the-agency","status":"publish","type":"page","link":"https:\/\/www.bosscom.lu\/en\/","title":{"rendered":"The agency"},"content":{"rendered":"<p>[vc_row][vc_column width=&#8221;1\/2&#8243;][vc_column_text]<h2 class=\"claim align-left\">BOSSCOM LUXEMBOURG<br \/>\nCOMMUNICATION &amp; DESIGN<\/h2>[\/vc_column_text][\/vc_column][vc_column width=&#8221;1\/2&#8243;][\/vc_column][\/vc_row][vc_row][vc_column][vc_column_text]Notre agence conseille \u00e0 court ou long terme ses clients en strat\u00e9gie de communication, pour la cr\u00e9ation d\u2019identit\u00e9s visuelles compl\u00e8tes, de campagnes print &amp; web ou pour le d\u00e9veloppement d\u2019op\u00e9ration marketing sur tout support. Nos solutions s\u2019adressent \u00e0 toutes les entreprises ou associations, en recherche de d\u00e9veloppement ou de notori\u00e9t\u00e9.<\/p>\n<p>Nous favorisons la r\u00e9flexion, l\u2019originalit\u00e9, la pertinence du concept et le souci du d\u00e9tail en exprimant un savoir-faire bas\u00e9 sur la connaissance des domaines strat\u00e9giques et artistiques. <strong><em>Des concepts qui marquent pour une communication sans faux pli.<\/em><br \/>\n<\/strong>[\/vc_column_text][\/vc_column][\/vc_row][vc_row][vc_column][vc_empty_space height=&#8221;40&#8243;][\/vc_column][\/vc_row][vc_row][vc_column][vc_single_image image=&#8221;1765&#8243; img_size=&#8221;full&#8221; alignment=&#8221;center&#8221; css_animation=&#8221;bottom-to-top&#8221;][\/vc_column][\/vc_row][vc_row][vc_column][vc_empty_space height=&#8221;40&#8243;][\/vc_column][\/vc_row][vc_row][vc_column][vc_btn title=&#8221;Voir nos comp\u00e9tences&#8221; shape=&#8221;square&#8221; align=&#8221;center&#8221; link=&#8221;url:http%3A%2F%2Fwww.bosscom.lu%2Fcompetences%2F||&#8221;][\/vc_column][\/vc_row][vc_row][vc_column][vc_empty_space height=&#8221;80&#8243;][\/vc_column][\/vc_row][vc_row][vc_column width=&#8221;1\/2&#8243;][vc_column_text]<h2 class=\"claim align-left\">NOS DERNIERS PROJETS<\/h2>[\/vc_column_text][\/vc_column][vc_column width=&#8221;1\/2&#8243;][\/vc_column][\/vc_row][vc_row][vc_column][vc_btn title=&#8221;Voir nos projets&#8221; shape=&#8221;square&#8221; align=&#8221;center&#8221; link=&#8221;url:http%3A%2F%2Fwww.bosscom.lu%2Fprojets%2F||&#8221;][\/vc_column][\/vc_row]<\/p>\n","protected":false},"excerpt":{"rendered":"<p>[vc_row][vc_column width=&#8221;1\/2&#8243;][vc_column_text][\/vc_column_text][\/vc_column][vc_column width=&#8221;1\/2&#8243;][\/vc_column][\/vc_row][vc_row][vc_column][vc_column_text]Notre agence conseille \u00e0 court ou long terme ses clients en strat\u00e9gie de communication, pour la cr\u00e9ation d\u2019identit\u00e9s visuelles compl\u00e8tes, de campagnes print &amp; web ou pour le d\u00e9veloppement d\u2019op\u00e9ration marketing sur tout support. Nos solutions s\u2019adressent \u00e0 toutes les entreprises ou associations, en recherche de d\u00e9veloppement ou de notori\u00e9t\u00e9. Nous favorisons la&#8230; <\/p>\n<div class=\"btn one-half\"><a title=\"The agency\" href=\"https:\/\/www.bosscom.lu\/en\/\">Read more<\/a><\/div>\n","protected":false},"author":1,"featured_media":0,"parent":0,"menu_order":0,"comment_status":"closed","ping_status":"closed","template":"","meta":[],"_links":{"self":[{"href":"https:\/\/www.bosscom.lu\/en\/wp-json\/wp\/v2\/pages\/1955"}],"collection":[{"href":"https:\/\/www.bosscom.lu\/en\/wp-json\/wp\/v2\/pages"}],"about":[{"href":"https:\/\/www.bosscom.lu\/en\/wp-json\/wp\/v2\/types\/page"}],"author":[{"embeddable":true,"href":"https:\/\/www.bosscom.lu\/en\/wp-json\/wp\/v2\/users\/1"}],"replies":[{"embeddable":true,"href":"https:\/\/www.bosscom.lu\/en\/wp-json\/wp\/v2\/comments?post=1955"}],"version-history":[{"count":1,"href":"https:\/\/www.bosscom.lu\/en\/wp-json\/wp\/v2\/pages\/1955\/revisions"}],"predecessor-version":[{"id":1956,"href":"https:\/\/www.bosscom.lu\/en\/wp-json\/wp\/v2\/pages\/1955\/revisions\/1956"}],"wp:attachment":[{"href":"https:\/\/www.bosscom.lu\/en\/wp-json\/wp\/v2\/media?parent=1955"}],"curies":[{"name":"wp","href":"https:\/\/api.w.org\/{rel}","templated":true}]}}